{"id":3335,"date":"2016-11-08T09:29:19","date_gmt":"2016-11-08T09:29:19","guid":{"rendered":"https:\/\/kbm.kubota-eu.com\/en\/impressum\/"},"modified":"2022-08-02T07:33:54","modified_gmt":"2022-08-02T07:33:54","slug":"impressum","status":"publish","type":"page","link":"https:\/\/kbm.kubota-eu.com\/en\/impressum\/","title":{"rendered":"Impressum"},"content":{"rendered":"<p><strong>KUBOTA Baumaschinen GmbH<\/strong><br \/>\nSteinhauser Stra\u00dfe 100<br \/>\n66482 Zweibr\u00fccken<br \/>\nDeutschland<\/p>\n<p>Telefon:+49 (0)6332 487-0<br \/>\nTelefax:+49 (0)6332 487-101<br \/>\nE-Mail: kbm_g.kubota-info@kubota.com<br \/>\nInternet: www.kubota-eu.com<\/p>\n<p>Vertretungsberechtigter Gesch\u00e4ftsf\u00fchrer:<\/p>\n<p>Toshitaka Matsuo<br \/>\nSitz der Gesellschaft: Zweibr\u00fccken<br \/>\nRegistergericht: Amtsgericht Zweibr\u00fccken<br \/>\nRegisternummer: HRB 1294Z<\/p>\n<p>Umsatzsteuer-Identifikationsnummer gem\u00e4\u00df 27 a Umsatzsteuergesetz: DE149601266<\/p>\n","protected":false},"excerpt":{"rendered":"<p>KUBOTA Baumaschinen GmbH Steinhauser Stra\u00dfe 100 66482 Zweibr\u00fccken Deutschland Telefon:+49 (0)6332 487-0 Telefax:+49 (0)6332 487-101 E-Mail: kbm_g.kubota-info@kubota.com Internet: www.kubota-eu.com Vertretungsberechtigter Gesch\u00e4ftsf\u00fchrer: Toshitaka Matsuo Sitz der Gesellschaft: Zweibr\u00fccken Registergericht: Amtsgericht Zweibr\u00fccken Registernummer: HRB 1294Z Umsatzsteuer-Identifikationsnummer gem\u00e4\u00df 27 a Umsatzsteuergesetz: DE149601266<\/p>\n","protected":false},"author":1,"featured_media":3308,"parent":0,"menu_order":0,"comment_status":"closed","ping_status":"closed","template":"","meta":{"_acf_changed":false,"footnotes":""},"class_list":["post-3335","page","type-page","status-publish","has-post-thumbnail","hentry"],"acf":[],"publishpress_future_action":{"enabled":false,"date":"2026-04-23 03:11:04","action":"change-status","newStatus":"draft","terms":[],"taxonomy":"translation_priority"},"_links":{"self":[{"href":"https:\/\/kbm.kubota-eu.com\/en\/wp-json\/wp\/v2\/pages\/3335","targetHints":{"allow":["GET"]}}],"collection":[{"href":"https:\/\/kbm.kubota-eu.com\/en\/wp-json\/wp\/v2\/pages"}],"about":[{"href":"https:\/\/kbm.kubota-eu.com\/en\/wp-json\/wp\/v2\/types\/page"}],"author":[{"embeddable":true,"href":"https:\/\/kbm.kubota-eu.com\/en\/wp-json\/wp\/v2\/users\/1"}],"replies":[{"embeddable":true,"href":"https:\/\/kbm.kubota-eu.com\/en\/wp-json\/wp\/v2\/comments?post=3335"}],"version-history":[{"count":4,"href":"https:\/\/kbm.kubota-eu.com\/en\/wp-json\/wp\/v2\/pages\/3335\/revisions"}],"predecessor-version":[{"id":5995,"href":"https:\/\/kbm.kubota-eu.com\/en\/wp-json\/wp\/v2\/pages\/3335\/revisions\/5995"}],"wp:featuredmedia":[{"embeddable":true,"href":"https:\/\/kbm.kubota-eu.com\/en\/wp-json\/wp\/v2\/media\/3308"}],"wp:attachment":[{"href":"https:\/\/kbm.kubota-eu.com\/en\/wp-json\/wp\/v2\/media?parent=3335"}],"curies":[{"name":"wp","href":"https:\/\/api.w.org\/{rel}","templated":true}]}}