{"id":4733,"date":"2017-03-29T08:03:50","date_gmt":"2017-03-29T08:03:50","guid":{"rendered":"https:\/\/kbm.kubota-eu.com\/marka-kubota\/uber-uns\/"},"modified":"2025-12-04T14:44:40","modified_gmt":"2025-12-04T14:44:40","slug":"o-nas","status":"publish","type":"page","link":"https:\/\/kbm.kubota-eu.com\/pl\/marka-kubota\/o-nas\/","title":{"rendered":"O nas"},"content":{"rendered":"<section class=\"wpb-content-wrapper\"><p>[vc_row][vc_column css=&#8221;.vc_custom_1522249999718{border-radius: 15px !important;}&#8221;][vc_column_text]<\/p>\n<p style=\"margin: 0in;font-family: Calibri;font-size: 11.0pt\">Witamy u lidera niemieckiego rynku koparek kompaktowych oraz obrysowych! Kubota Baumaschinen GmbH jest cz\u0119\u015bci\u0105 globalnej grupy z prawie 34 000 pracownikami. Nazwa firmy pochodzi od jej japo\u0144skiego za\u0142o\u017cyciela Gonshiro Kubota i stanowi istotne po\u0142\u0105czenie tradycji i innowacji. Orientacja na klienta i ci\u0105g\u0142y rozw\u00f3j sprawi\u0142y, \u017ce po 124 latach istnienia, Kubota jest dzi\u015b bardziej nowoczesna, elastyczna i odnosz\u0105ca sukcesy ni\u017c kiedykolwiek wcze\u015bniej. Sektor maszyn budowlanych jest jednym z filar\u00f3w grupy.<\/p>\n<p>[\/vc_column_text][vc_column_text]<\/p>\n<p style=\"margin: 0in;font-family: Calibri;font-size: 11pt;text-align: center\">Zweibr\u00fccken to jedyne miejsce produkcji koparek w ca\u0142ej Europie. Japo\u0144ska technologia i niemiecka precyzja. Idealna synergia! W\u0142a\u015bnie dlatego od ponad trzydziestu lat odgrywamy wiod\u0105c\u0105 rol\u0119 w bran\u017cy maszyn budowlanych! Kubota Baumaschinen GmbH posiada kompleksow\u0105 sie\u0107 dealer\u00f3w w ca\u0142ej Europie, kt\u00f3ra koordynuje produkcj\u0119, sprzeda\u017c i logistyk\u0119. Poznaj nas!<\/p>\n<p>[\/vc_column_text][\/vc_column][vc_column][\/vc_column][\/vc_row]<\/p>\n<\/section>","protected":false},"excerpt":{"rendered":"<p>[vc_row][vc_column css=&#8221;.vc_custom_1522249999718{border-radius: 15px !important;}&#8221;][vc_column_text] Witamy u lidera niemieckiego rynku koparek kompaktowych oraz obrysowych! Kubota Baumaschinen GmbH jest cz\u0119\u015bci\u0105 globalnej grupy z prawie 34 000 pracownikami. Nazwa firmy pochodzi od jej japo\u0144skiego za\u0142o\u017cyciela Gonshiro Kubota i stanowi istotne po\u0142\u0105czenie tradycji i innowacji. Orientacja na klienta i ci\u0105g\u0142y rozw\u00f3j sprawi\u0142y, \u017ce po 124 latach istnienia, Kubota jest[&#8230;]<\/p>\n","protected":false},"author":1,"featured_media":4735,"parent":4728,"menu_order":0,"comment_status":"closed","ping_status":"closed","template":"","meta":{"_acf_changed":false,"footnotes":""},"class_list":["post-4733","page","type-page","status-publish","has-post-thumbnail","hentry"],"acf":[],"publishpress_future_action":{"enabled":false,"date":"2026-04-19 17:16:09","action":"change-status","newStatus":"draft","terms":[],"taxonomy":"translation_priority"},"_links":{"self":[{"href":"https:\/\/kbm.kubota-eu.com\/pl\/wp-json\/wp\/v2\/pages\/4733","targetHints":{"allow":["GET"]}}],"collection":[{"href":"https:\/\/kbm.kubota-eu.com\/pl\/wp-json\/wp\/v2\/pages"}],"about":[{"href":"https:\/\/kbm.kubota-eu.com\/pl\/wp-json\/wp\/v2\/types\/page"}],"author":[{"embeddable":true,"href":"https:\/\/kbm.kubota-eu.com\/pl\/wp-json\/wp\/v2\/users\/1"}],"replies":[{"embeddable":true,"href":"https:\/\/kbm.kubota-eu.com\/pl\/wp-json\/wp\/v2\/comments?post=4733"}],"version-history":[{"count":2,"href":"https:\/\/kbm.kubota-eu.com\/pl\/wp-json\/wp\/v2\/pages\/4733\/revisions"}],"predecessor-version":[{"id":6727,"href":"https:\/\/kbm.kubota-eu.com\/pl\/wp-json\/wp\/v2\/pages\/4733\/revisions\/6727"}],"up":[{"embeddable":true,"href":"https:\/\/kbm.kubota-eu.com\/pl\/wp-json\/wp\/v2\/pages\/4728"}],"wp:featuredmedia":[{"embeddable":true,"href":"https:\/\/kbm.kubota-eu.com\/pl\/wp-json\/wp\/v2\/media\/4735"}],"wp:attachment":[{"href":"https:\/\/kbm.kubota-eu.com\/pl\/wp-json\/wp\/v2\/media?parent=4733"}],"curies":[{"name":"wp","href":"https:\/\/api.w.org\/{rel}","templated":true}]}}